{"id":127,"date":"2025-10-14T11:04:39","date_gmt":"2025-10-14T14:04:39","guid":{"rendered":"https:\/\/doncacho.com.ar\/index.php\/servicios\/"},"modified":"2025-10-15T11:52:27","modified_gmt":"2025-10-15T14:52:27","slug":"servicios","status":"publish","type":"page","link":"http:\/\/doncacho.com.ar\/?page_id=127","title":{"rendered":"Servicios"},"content":{"rendered":"\t\t<div data-elementor-type=\"wp-page\" data-elementor-id=\"127\" class=\"elementor elementor-127\" data-elementor-post-type=\"page\">\n\t\t\t\t<div class=\"elementor-element elementor-element-d445f14 e-flex e-con-boxed e-con e-parent\" data-id=\"d445f14\" data-element_type=\"container\" data-e-type=\"container\" data-settings=\"{&quot;background_background&quot;:&quot;classic&quot;}\">\n\t\t\t\t\t<div class=\"e-con-inner\">\n\t\t\t\t<div class=\"elementor-element elementor-element-7a70705 elementor-widget elementor-widget-heading\" data-id=\"7a70705\" data-element_type=\"widget\" data-e-type=\"widget\" data-widget_type=\"heading.default\">\n\t\t\t\t\t<h5 class=\"elementor-heading-title elementor-size-default\">Descanso en la Naturaleza<\/h5>\t\t\t\t<\/div>\n\t\t\t\t<div class=\"elementor-element elementor-element-31f1e83 elementor-widget elementor-widget-heading\" data-id=\"31f1e83\" data-element_type=\"widget\" data-e-type=\"widget\" data-widget_type=\"heading.default\">\n\t\t\t\t\t<h2 class=\"elementor-heading-title elementor-size-default\">Escapadas familiares inolvidables<\/h2>\t\t\t\t<\/div>\n\t\t\t\t<div class=\"elementor-element elementor-element-e27c2ca elementor-widget__width-initial elementor-widget elementor-widget-text-editor\" data-id=\"e27c2ca\" data-element_type=\"widget\" data-e-type=\"widget\" data-widget_type=\"text-editor.default\">\n\t\t\t\t\t\t\t\t\t<p>Descubre un refugio donde la naturaleza te abraza y cada familia encuentra su lugar ideal. Nuestras acogedoras caba\u00f1as son perfectas para compartir momentos de felicidad y relajaci\u00f3n. Ven a disfrutar de experiencias \u00fanicas rodeado de paisajes hermosos y la tranquilidad que mereces.<\/p>\t\t\t\t\t\t\t\t<\/div>\n\t\t<div class=\"elementor-element elementor-element-8845d9f e-con-full e-flex e-con e-child\" data-id=\"8845d9f\" data-element_type=\"container\" data-e-type=\"container\">\n\t\t\t\t<\/div>\n\t\t\t\t\t<\/div>\n\t\t\t\t<\/div>\n\t\t<div class=\"elementor-element elementor-element-1fa167e e-flex e-con-boxed e-con e-parent\" data-id=\"1fa167e\" data-element_type=\"container\" data-e-type=\"container\">\n\t\t\t\t\t<div class=\"e-con-inner\">\n\t\t<div class=\"elementor-element elementor-element-283f93f e-con-full e-flex e-con e-child\" data-id=\"283f93f\" data-element_type=\"container\" data-e-type=\"container\">\n\t\t\t\t<div class=\"elementor-element elementor-element-219a8bc elementor-widget elementor-widget-heading\" data-id=\"219a8bc\" data-element_type=\"widget\" data-e-type=\"widget\" data-widget_type=\"heading.default\">\n\t\t\t\t\t<h2 class=\"elementor-heading-title elementor-size-default\">Nuestros Servicios<\/h2>\t\t\t\t<\/div>\n\t\t\t\t<div class=\"elementor-element elementor-element-fea0fd8 elementor-widget__width-initial elementor-widget elementor-widget-heading\" data-id=\"fea0fd8\" data-element_type=\"widget\" data-e-type=\"widget\" data-widget_type=\"heading.default\">\n\t\t\t\t\t<h5 class=\"elementor-heading-title elementor-size-default\">Descubre los servicios que ofrecemos para hacer de tu estad\u00eda una experiencia memorable.<\/h5>\t\t\t\t<\/div>\n\t\t\t\t<\/div>\n\t\t<div class=\"elementor-element elementor-element-e02d607 e-con-full e-flex e-con e-child\" data-id=\"e02d607\" data-element_type=\"container\" data-e-type=\"container\">\n\t\t\t\t<div class=\"elementor-element elementor-element-f4ee69d elementor-widget-tablet__width-initial elementor-widget-mobile__width-inherit elementor-widget__width-initial elementor-position-top elementor-widget elementor-widget-image-box\" data-id=\"f4ee69d\" data-element_type=\"widget\" data-e-type=\"widget\" data-widget_type=\"image-box.default\">\n\t\t\t\t\t<div class=\"elementor-image-box-wrapper\"><figure class=\"elementor-image-box-img\"><img fetchpriority=\"high\" decoding=\"async\" width=\"1707\" height=\"2560\" src=\"https:\/\/doncacho.com.ar\/wp-content\/uploads\/2025\/10\/IMG_9670-1-scaled.jpg\" class=\"elementor-animation-grow attachment-full size-full wp-image-249\" alt=\"\" srcset=\"http:\/\/doncacho.com.ar\/wp-content\/uploads\/2025\/10\/IMG_9670-1-scaled.jpg 1707w, http:\/\/doncacho.com.ar\/wp-content\/uploads\/2025\/10\/IMG_9670-1-200x300.jpg 200w, http:\/\/doncacho.com.ar\/wp-content\/uploads\/2025\/10\/IMG_9670-1-683x1024.jpg 683w, http:\/\/doncacho.com.ar\/wp-content\/uploads\/2025\/10\/IMG_9670-1-768x1152.jpg 768w, http:\/\/doncacho.com.ar\/wp-content\/uploads\/2025\/10\/IMG_9670-1-1024x1536.jpg 1024w, http:\/\/doncacho.com.ar\/wp-content\/uploads\/2025\/10\/IMG_9670-1-1365x2048.jpg 1365w\" sizes=\"(max-width: 1707px) 100vw, 1707px\" \/><\/figure><div class=\"elementor-image-box-content\"><h4 class=\"elementor-image-box-title\">Alojamiento en Caba\u00f1as<\/h4><p class=\"elementor-image-box-description\">Nuestras caba\u00f1as est\u00e1n rodeadas de naturaleza y ofrecen el descanso perfecto para toda la familia.<\/p><\/div><\/div>\t\t\t\t<\/div>\n\t\t\t\t<div class=\"elementor-element elementor-element-ddc0f19 elementor-widget-tablet__width-initial elementor-widget-mobile__width-inherit elementor-widget__width-initial elementor-position-top elementor-widget elementor-widget-image-box\" data-id=\"ddc0f19\" data-element_type=\"widget\" data-e-type=\"widget\" data-widget_type=\"image-box.default\">\n\t\t\t\t\t<div class=\"elementor-image-box-wrapper\"><figure class=\"elementor-image-box-img\"><img decoding=\"async\" width=\"1920\" height=\"1280\" src=\"https:\/\/doncacho.com.ar\/wp-content\/uploads\/2025\/10\/IMG_9761-scaled.webp\" class=\"elementor-animation-grow attachment-full size-full wp-image-214\" alt=\"\" srcset=\"http:\/\/doncacho.com.ar\/wp-content\/uploads\/2025\/10\/IMG_9761-scaled.webp 1920w, http:\/\/doncacho.com.ar\/wp-content\/uploads\/2025\/10\/IMG_9761-300x200.webp 300w, http:\/\/doncacho.com.ar\/wp-content\/uploads\/2025\/10\/IMG_9761-1024x683.webp 1024w, http:\/\/doncacho.com.ar\/wp-content\/uploads\/2025\/10\/IMG_9761-768x512.webp 768w, http:\/\/doncacho.com.ar\/wp-content\/uploads\/2025\/10\/IMG_9761-1536x1024.webp 1536w\" sizes=\"(max-width: 1920px) 100vw, 1920px\" \/><\/figure><div class=\"elementor-image-box-content\"><h4 class=\"elementor-image-box-title\">Pileta al Aire Libre<\/h4><p class=\"elementor-image-box-description\">Disfruta de refrescantes momentos en nuestra pileta, un espacio ideal para relajarse y jugar con los ni\u00f1os.<\/p><\/div><\/div>\t\t\t\t<\/div>\n\t\t\t\t<div class=\"elementor-element elementor-element-2dee7ee elementor-widget-tablet__width-initial elementor-widget-mobile__width-inherit elementor-widget__width-initial elementor-position-top elementor-widget elementor-widget-image-box\" data-id=\"2dee7ee\" data-element_type=\"widget\" data-e-type=\"widget\" data-widget_type=\"image-box.default\">\n\t\t\t\t\t<div class=\"elementor-image-box-wrapper\"><figure class=\"elementor-image-box-img\"><img decoding=\"async\" width=\"2560\" height=\"1707\" src=\"https:\/\/doncacho.com.ar\/wp-content\/uploads\/2025\/10\/IMG_9777-1-scaled.jpg\" class=\"elementor-animation-grow attachment-full size-full wp-image-263\" alt=\"\" srcset=\"http:\/\/doncacho.com.ar\/wp-content\/uploads\/2025\/10\/IMG_9777-1-scaled.jpg 2560w, http:\/\/doncacho.com.ar\/wp-content\/uploads\/2025\/10\/IMG_9777-1-300x200.jpg 300w, http:\/\/doncacho.com.ar\/wp-content\/uploads\/2025\/10\/IMG_9777-1-1024x683.jpg 1024w, http:\/\/doncacho.com.ar\/wp-content\/uploads\/2025\/10\/IMG_9777-1-768x512.jpg 768w, http:\/\/doncacho.com.ar\/wp-content\/uploads\/2025\/10\/IMG_9777-1-1536x1024.jpg 1536w, http:\/\/doncacho.com.ar\/wp-content\/uploads\/2025\/10\/IMG_9777-1-2048x1365.jpg 2048w\" sizes=\"(max-width: 2560px) 100vw, 2560px\" \/><\/figure><div class=\"elementor-image-box-content\"><h4 class=\"elementor-image-box-title\">Acceso al R\u00edo<\/h4><p class=\"elementor-image-box-description\">Vive aventuras \u00fanicas en el r\u00edo, donde podr\u00e1s nadar, pescar o simplemente disfrutar de la tranquilidad del agua.<\/p><\/div><\/div>\t\t\t\t<\/div>\n\t\t\t\t<\/div>\n\t\t\t\t\t<\/div>\n\t\t\t\t<\/div>\n\t\t<div class=\"elementor-element elementor-element-1a84f19 e-flex e-con-boxed e-con e-parent\" data-id=\"1a84f19\" data-element_type=\"container\" data-e-type=\"container\">\n\t\t\t\t\t<div class=\"e-con-inner\">\n\t\t<div class=\"elementor-element elementor-element-72191d6 e-con-full e-flex e-con e-child\" data-id=\"72191d6\" data-element_type=\"container\" data-e-type=\"container\">\n\t\t\t\t<div class=\"elementor-element elementor-element-248dac7 elementor-widget elementor-widget-heading\" data-id=\"248dac7\" data-element_type=\"widget\" data-e-type=\"widget\" data-widget_type=\"heading.default\">\n\t\t\t\t\t<h2 class=\"elementor-heading-title elementor-size-default\">Galer\u00eda de Im\u00e1genes<\/h2>\t\t\t\t<\/div>\n\t\t\t\t<div class=\"elementor-element elementor-element-89e3156 elementor-widget elementor-widget-heading\" data-id=\"89e3156\" data-element_type=\"widget\" data-e-type=\"widget\" data-widget_type=\"heading.default\">\n\t\t\t\t\t<h5 class=\"elementor-heading-title elementor-size-default\">Aca podes ver alguna de las guarderias que tambien tenemos a disposicion para tener tu  lancha siempre cerca del rio..<\/h5>\t\t\t\t<\/div>\n\t\t\t\t<\/div>\n\t\t\t\t<div class=\"elementor-element elementor-element-f7a49b0 elementor-pagination-type-bullets elementor-arrows-position-inside elementor-pagination-position-outside elementor-widget elementor-widget-n-carousel\" data-id=\"f7a49b0\" data-element_type=\"widget\" data-e-type=\"widget\" data-settings=\"{&quot;carousel_items&quot;:[{&quot;_id&quot;:&quot;ae5dbe5&quot;,&quot;slide_title&quot;:&quot;Nuestras Caba\\u00f1as&quot;},{&quot;_id&quot;:&quot;9eee9ce&quot;,&quot;slide_title&quot;:&quot;Zonas Comunes&quot;},{&quot;_id&quot;:&quot;81cedba&quot;,&quot;slide_title&quot;:&quot;Entorno Natural&quot;},{&quot;_id&quot;:&quot;dee30df&quot;,&quot;slide_title&quot;:&quot;Actividades Familiares&quot;},{&quot;_id&quot;:&quot;c25c3d7&quot;,&quot;slide_title&quot;:&quot;Momentos de Relax&quot;}],&quot;slides_to_show&quot;:&quot;3&quot;,&quot;slides_to_scroll&quot;:&quot;1&quot;,&quot;image_spacing_custom&quot;:{&quot;unit&quot;:&quot;px&quot;,&quot;size&quot;:32,&quot;sizes&quot;:[]},&quot;slides_to_show_tablet&quot;:&quot;3&quot;,&quot;slides_to_show_mobile&quot;:&quot;1&quot;,&quot;speed&quot;:500,&quot;arrows&quot;:&quot;yes&quot;,&quot;pagination&quot;:&quot;bullets&quot;,&quot;image_spacing_custom_tablet&quot;:{&quot;unit&quot;:&quot;px&quot;,&quot;size&quot;:&quot;&quot;,&quot;sizes&quot;:[]},&quot;image_spacing_custom_mobile&quot;:{&quot;unit&quot;:&quot;px&quot;,&quot;size&quot;:&quot;&quot;,&quot;sizes&quot;:[]}}\" data-widget_type=\"nested-carousel.default\">\n\t\t\t\t\t\t\t<div class=\"e-n-carousel swiper\" role=\"region\" aria-roledescription=\"carousel\" aria-label=\"Carousel\" dir=\"ltr\">\n\t\t\t<div class=\"swiper-wrapper\" aria-live=\"polite\">\n\t\t\t\t\t\t\t\t\t\t<div class=\"swiper-slide\" data-slide=\"1\" role=\"group\" aria-roledescription=\"slide\" aria-label=\"1 of 5\">\n\t\t\t\t\t\t\t<div class=\"elementor-element elementor-element-d0eefcc e-flex e-con-boxed e-con e-child\" data-id=\"d0eefcc\" data-element_type=\"container\" data-e-type=\"container\">\n\t\t\t\t\t<div class=\"e-con-inner\">\n\t\t\t\t<div class=\"elementor-element elementor-element-35ad1c2 elementor-widget elementor-widget-image\" data-id=\"35ad1c2\" data-element_type=\"widget\" data-e-type=\"widget\" data-widget_type=\"image.default\">\n\t\t\t\t\t\t\t\t\t\t\t\t\t\t\t<img loading=\"lazy\" decoding=\"async\" width=\"2560\" height=\"1707\" src=\"https:\/\/doncacho.com.ar\/wp-content\/uploads\/2025\/10\/IMG_9789-1-scaled.jpg\" class=\"attachment-full size-full wp-image-264\" alt=\"\" srcset=\"https:\/\/doncacho.com.ar\/wp-content\/uploads\/2025\/10\/IMG_9789-1-scaled.jpg 2560w, https:\/\/doncacho.com.ar\/wp-content\/uploads\/2025\/10\/IMG_9789-1-300x200.jpg 300w, https:\/\/doncacho.com.ar\/wp-content\/uploads\/2025\/10\/IMG_9789-1-1024x683.jpg 1024w, https:\/\/doncacho.com.ar\/wp-content\/uploads\/2025\/10\/IMG_9789-1-768x512.jpg 768w, https:\/\/doncacho.com.ar\/wp-content\/uploads\/2025\/10\/IMG_9789-1-1536x1024.jpg 1536w, https:\/\/doncacho.com.ar\/wp-content\/uploads\/2025\/10\/IMG_9789-1-2048x1365.jpg 2048w\" sizes=\"(max-width: 2560px) 100vw, 2560px\" \/>\t\t\t\t\t\t\t\t\t\t\t\t\t\t\t<\/div>\n\t\t\t\t\t<\/div>\n\t\t\t\t<\/div>\n\t\t\t\t\t\t\t\t<\/div>\n\t\t\t\t\t\t\t\t\t\t\t<div class=\"swiper-slide\" data-slide=\"2\" role=\"group\" aria-roledescription=\"slide\" aria-label=\"2 of 5\">\n\t\t\t\t\t\t\t<div class=\"elementor-element elementor-element-f7e3ba2 e-flex e-con-boxed e-con e-child\" data-id=\"f7e3ba2\" data-element_type=\"container\" data-e-type=\"container\">\n\t\t\t\t\t<div class=\"e-con-inner\">\n\t\t\t\t<div class=\"elementor-element elementor-element-a4db36c elementor-widget elementor-widget-image\" data-id=\"a4db36c\" data-element_type=\"widget\" data-e-type=\"widget\" data-widget_type=\"image.default\">\n\t\t\t\t\t\t\t\t\t\t\t\t\t\t\t<img loading=\"lazy\" decoding=\"async\" width=\"1707\" height=\"2560\" src=\"https:\/\/doncacho.com.ar\/wp-content\/uploads\/2025\/10\/IMG_9662-2-scaled.jpg\" class=\"attachment-full size-full wp-image-265\" alt=\"\" srcset=\"https:\/\/doncacho.com.ar\/wp-content\/uploads\/2025\/10\/IMG_9662-2-scaled.jpg 1707w, https:\/\/doncacho.com.ar\/wp-content\/uploads\/2025\/10\/IMG_9662-2-200x300.jpg 200w, https:\/\/doncacho.com.ar\/wp-content\/uploads\/2025\/10\/IMG_9662-2-683x1024.jpg 683w, https:\/\/doncacho.com.ar\/wp-content\/uploads\/2025\/10\/IMG_9662-2-768x1152.jpg 768w, https:\/\/doncacho.com.ar\/wp-content\/uploads\/2025\/10\/IMG_9662-2-1024x1536.jpg 1024w, https:\/\/doncacho.com.ar\/wp-content\/uploads\/2025\/10\/IMG_9662-2-1365x2048.jpg 1365w\" sizes=\"(max-width: 1707px) 100vw, 1707px\" \/>\t\t\t\t\t\t\t\t\t\t\t\t\t\t\t<\/div>\n\t\t\t\t\t<\/div>\n\t\t\t\t<\/div>\n\t\t\t\t\t\t\t\t<\/div>\n\t\t\t\t\t\t\t\t\t\t\t<div class=\"swiper-slide\" data-slide=\"3\" role=\"group\" aria-roledescription=\"slide\" aria-label=\"3 of 5\">\n\t\t\t\t\t\t\t<div class=\"elementor-element elementor-element-efef8d7 e-flex e-con-boxed e-con e-child\" data-id=\"efef8d7\" data-element_type=\"container\" data-e-type=\"container\">\n\t\t\t\t\t<div class=\"e-con-inner\">\n\t\t\t\t<div class=\"elementor-element elementor-element-c9d2730 elementor-widget elementor-widget-image\" data-id=\"c9d2730\" data-element_type=\"widget\" data-e-type=\"widget\" data-widget_type=\"image.default\">\n\t\t\t\t\t\t\t\t\t\t\t\t\t\t\t<img loading=\"lazy\" decoding=\"async\" width=\"2560\" height=\"1707\" src=\"https:\/\/doncacho.com.ar\/wp-content\/uploads\/2025\/10\/IMG_9789-1-scaled.jpg\" class=\"attachment-full size-full wp-image-264\" alt=\"\" srcset=\"https:\/\/doncacho.com.ar\/wp-content\/uploads\/2025\/10\/IMG_9789-1-scaled.jpg 2560w, https:\/\/doncacho.com.ar\/wp-content\/uploads\/2025\/10\/IMG_9789-1-300x200.jpg 300w, https:\/\/doncacho.com.ar\/wp-content\/uploads\/2025\/10\/IMG_9789-1-1024x683.jpg 1024w, https:\/\/doncacho.com.ar\/wp-content\/uploads\/2025\/10\/IMG_9789-1-768x512.jpg 768w, https:\/\/doncacho.com.ar\/wp-content\/uploads\/2025\/10\/IMG_9789-1-1536x1024.jpg 1536w, https:\/\/doncacho.com.ar\/wp-content\/uploads\/2025\/10\/IMG_9789-1-2048x1365.jpg 2048w\" sizes=\"(max-width: 2560px) 100vw, 2560px\" \/>\t\t\t\t\t\t\t\t\t\t\t\t\t\t\t<\/div>\n\t\t\t\t\t<\/div>\n\t\t\t\t<\/div>\n\t\t\t\t\t\t\t\t<\/div>\n\t\t\t\t\t\t\t\t\t\t\t<div class=\"swiper-slide\" data-slide=\"4\" role=\"group\" aria-roledescription=\"slide\" aria-label=\"4 of 5\">\n\t\t\t\t\t\t\t<div class=\"elementor-element elementor-element-3808b23 e-flex e-con-boxed e-con e-child\" data-id=\"3808b23\" data-element_type=\"container\" data-e-type=\"container\">\n\t\t\t\t\t<div class=\"e-con-inner\">\n\t\t\t\t<div class=\"elementor-element elementor-element-5e6fab5 elementor-widget elementor-widget-image\" data-id=\"5e6fab5\" data-element_type=\"widget\" data-e-type=\"widget\" data-widget_type=\"image.default\">\n\t\t\t\t\t\t\t\t\t\t\t\t\t\t\t<img loading=\"lazy\" decoding=\"async\" width=\"1920\" height=\"1280\" src=\"https:\/\/doncacho.com.ar\/wp-content\/uploads\/2025\/10\/IMG_9663-scaled.webp\" class=\"attachment-full size-full wp-image-188\" alt=\"\" srcset=\"https:\/\/doncacho.com.ar\/wp-content\/uploads\/2025\/10\/IMG_9663-scaled.webp 1920w, https:\/\/doncacho.com.ar\/wp-content\/uploads\/2025\/10\/IMG_9663-300x200.webp 300w, https:\/\/doncacho.com.ar\/wp-content\/uploads\/2025\/10\/IMG_9663-1024x683.webp 1024w, https:\/\/doncacho.com.ar\/wp-content\/uploads\/2025\/10\/IMG_9663-768x512.webp 768w, https:\/\/doncacho.com.ar\/wp-content\/uploads\/2025\/10\/IMG_9663-1536x1024.webp 1536w\" sizes=\"(max-width: 1920px) 100vw, 1920px\" \/>\t\t\t\t\t\t\t\t\t\t\t\t\t\t\t<\/div>\n\t\t\t\t\t<\/div>\n\t\t\t\t<\/div>\n\t\t\t\t\t\t\t\t<\/div>\n\t\t\t\t\t\t\t\t\t\t\t<div class=\"swiper-slide\" data-slide=\"5\" role=\"group\" aria-roledescription=\"slide\" aria-label=\"5 of 5\">\n\t\t\t\t\t\t\t<div class=\"elementor-element elementor-element-e550830 e-flex e-con-boxed e-con e-child\" data-id=\"e550830\" data-element_type=\"container\" data-e-type=\"container\">\n\t\t\t\t\t<div class=\"e-con-inner\">\n\t\t\t\t<div class=\"elementor-element elementor-element-6ba021a elementor-widget elementor-widget-image\" data-id=\"6ba021a\" data-element_type=\"widget\" data-e-type=\"widget\" data-widget_type=\"image.default\">\n\t\t\t\t\t\t\t\t\t\t\t\t\t\t\t<img loading=\"lazy\" decoding=\"async\" width=\"1920\" height=\"1280\" src=\"https:\/\/doncacho.com.ar\/wp-content\/uploads\/2025\/10\/IMG_9664-scaled.webp\" class=\"attachment-full size-full wp-image-189\" alt=\"\" srcset=\"https:\/\/doncacho.com.ar\/wp-content\/uploads\/2025\/10\/IMG_9664-scaled.webp 1920w, https:\/\/doncacho.com.ar\/wp-content\/uploads\/2025\/10\/IMG_9664-300x200.webp 300w, https:\/\/doncacho.com.ar\/wp-content\/uploads\/2025\/10\/IMG_9664-1024x683.webp 1024w, https:\/\/doncacho.com.ar\/wp-content\/uploads\/2025\/10\/IMG_9664-768x512.webp 768w, https:\/\/doncacho.com.ar\/wp-content\/uploads\/2025\/10\/IMG_9664-1536x1024.webp 1536w\" sizes=\"(max-width: 1920px) 100vw, 1920px\" \/>\t\t\t\t\t\t\t\t\t\t\t\t\t\t\t<\/div>\n\t\t\t\t\t<\/div>\n\t\t\t\t<\/div>\n\t\t\t\t\t\t\t\t<\/div>\n\t\t\t\t\t\t\t\t<\/div>\n\t\t<\/div>\n\t\t\t\t\t<div class=\"elementor-swiper-button elementor-swiper-button-prev\" role=\"button\" tabindex=\"0\" aria-label=\"Previous\">\n\t\t\t\t<svg aria-hidden=\"true\" class=\"e-font-icon-svg e-eicon-chevron-left\" viewBox=\"0 0 1000 1000\" xmlns=\"http:\/\/www.w3.org\/2000\/svg\"><path d=\"M646 125C629 125 613 133 604 142L308 442C296 454 292 471 292 487 292 504 296 521 308 533L604 854C617 867 629 875 646 875 663 875 679 871 692 858 704 846 713 829 713 812 713 796 708 779 692 767L438 487 692 225C700 217 708 204 708 187 708 171 704 154 692 142 675 129 663 125 646 125Z\"><\/path><\/svg>\t\t\t<\/div>\n\t\t\t<div class=\"elementor-swiper-button elementor-swiper-button-next\" role=\"button\" tabindex=\"0\" aria-label=\"Next\">\n\t\t\t\t<svg aria-hidden=\"true\" class=\"e-font-icon-svg e-eicon-chevron-right\" viewBox=\"0 0 1000 1000\" xmlns=\"http:\/\/www.w3.org\/2000\/svg\"><path d=\"M696 533C708 521 713 504 713 487 713 471 708 454 696 446L400 146C388 133 375 125 354 125 338 125 325 129 313 142 300 154 292 171 292 187 292 204 296 221 308 233L563 492 304 771C292 783 288 800 288 817 288 833 296 850 308 863 321 871 338 875 354 875 371 875 388 867 400 854L696 533Z\"><\/path><\/svg>\t\t\t<\/div>\n\t\t\t\t\t<div class=\"swiper-pagination\"><\/div>\n\t\t\t\t\t\t<\/div>\n\t\t\t\t\t<\/div>\n\t\t\t\t<\/div>\n\t\t<div class=\"elementor-element elementor-element-55e62db e-flex e-con-boxed e-con e-parent\" data-id=\"55e62db\" data-element_type=\"container\" data-e-type=\"container\" data-settings=\"{&quot;background_background&quot;:&quot;classic&quot;}\">\n\t\t\t\t\t<div class=\"e-con-inner\">\n\t\t<div class=\"elementor-element elementor-element-0af060c e-flex e-con-boxed e-con e-child\" data-id=\"0af060c\" data-element_type=\"container\" data-e-type=\"container\" data-settings=\"{&quot;background_background&quot;:&quot;classic&quot;}\">\n\t\t\t\t\t<div class=\"e-con-inner\">\n\t\t\t\t<div class=\"elementor-element elementor-element-b7e3d01 elementor-widget elementor-widget-heading\" data-id=\"b7e3d01\" data-element_type=\"widget\" data-e-type=\"widget\" data-widget_type=\"heading.default\">\n\t\t\t\t\t<h2 class=\"elementor-heading-title elementor-size-default\">\u00a1Reserva tu escapada familiar hoy!<\/h2>\t\t\t\t<\/div>\n\t\t\t\t<div class=\"elementor-element elementor-element-4cbe6b4 elementor-widget elementor-widget-text-editor\" data-id=\"4cbe6b4\" data-element_type=\"widget\" data-e-type=\"widget\" data-widget_type=\"text-editor.default\">\n\t\t\t\t\t\t\t\t\t<p>Disfruta de la tranquilidad y la naturaleza con tu familia. Nuestras caba\u00f1as est\u00e1n dise\u00f1adas para ofrecerte un descanso reparador donde los peque\u00f1os pueden explorar y jugar. No pierdas la oportunidad de crear recuerdos inolvidables. \u00a1Te esperamos!<\/p>\t\t\t\t\t\t\t\t<\/div>\n\t\t\t\t<div class=\"elementor-element elementor-element-420ac91 elementor-widget__width-auto elementor-align-right elementor-widget elementor-widget-button\" data-id=\"420ac91\" data-element_type=\"widget\" data-e-type=\"widget\" data-widget_type=\"button.default\">\n\t\t\t\t\t\t\t\t\t\t<a class=\"elementor-button elementor-button-link elementor-size-sm\" href=\"http:\/\/wa.me\/+543405405997\" target=\"_blank\">\n\t\t\t\t\t\t<span class=\"elementor-button-content-wrapper\">\n\t\t\t\t\t\t\t\t\t<span class=\"elementor-button-text\">Reservar Ahora<\/span>\n\t\t\t\t\t<\/span>\n\t\t\t\t\t<\/a>\n\t\t\t\t\t\t\t\t<\/div>\n\t\t\t\t\t<\/div>\n\t\t\t\t<\/div>\n\t\t\t\t\t<\/div>\n\t\t\t\t<\/div>\n\t\t\t\t<\/div>\n\t\t","protected":false},"excerpt":{"rendered":"<p>Descanso en la Naturaleza Escapadas familiares inolvidables Descubre un refugio donde la naturaleza te abraza y cada familia encuentra su lugar ideal. Nuestras acogedoras caba\u00f1as son perfectas para compartir momentos de felicidad y relajaci\u00f3n. Ven a disfrutar de experiencias \u00fanicas rodeado de paisajes hermosos y la tranquilidad que mereces. Nuestros Servicios Descubre los servicios que [&hellip;]<\/p>\n","protected":false},"author":2,"featured_media":0,"parent":0,"menu_order":0,"comment_status":"closed","ping_status":"closed","template":"","meta":{"footnotes":""},"class_list":["post-127","page","type-page","status-publish","hentry"],"_links":{"self":[{"href":"http:\/\/doncacho.com.ar\/index.php?rest_route=\/wp\/v2\/pages\/127","targetHints":{"allow":["GET"]}}],"collection":[{"href":"http:\/\/doncacho.com.ar\/index.php?rest_route=\/wp\/v2\/pages"}],"about":[{"href":"http:\/\/doncacho.com.ar\/index.php?rest_route=\/wp\/v2\/types\/page"}],"author":[{"embeddable":true,"href":"http:\/\/doncacho.com.ar\/index.php?rest_route=\/wp\/v2\/users\/2"}],"replies":[{"embeddable":true,"href":"http:\/\/doncacho.com.ar\/index.php?rest_route=%2Fwp%2Fv2%2Fcomments&post=127"}],"version-history":[{"count":7,"href":"http:\/\/doncacho.com.ar\/index.php?rest_route=\/wp\/v2\/pages\/127\/revisions"}],"predecessor-version":[{"id":284,"href":"http:\/\/doncacho.com.ar\/index.php?rest_route=\/wp\/v2\/pages\/127\/revisions\/284"}],"wp:attachment":[{"href":"http:\/\/doncacho.com.ar\/index.php?rest_route=%2Fwp%2Fv2%2Fmedia&parent=127"}],"curies":[{"name":"wp","href":"https:\/\/api.w.org\/{rel}","templated":true}]}}